{"id":26,"date":"2017-07-05T16:55:01","date_gmt":"2017-07-05T16:55:01","guid":{"rendered":"https:\/\/sagteleco.com\/blog\/?page_id=26"},"modified":"2017-12-26T17:28:48","modified_gmt":"2017-12-26T16:28:48","slug":"acerca-de","status":"publish","type":"page","link":"https:\/\/sagteleco.com\/index.php\/acerca-de\/","title":{"rendered":"Servicios"},"content":{"rendered":"<div class=\"col-xs-12 col-sm-4\">\n<div class=\"cms-block\">\n<h1 class=\"page-subheading\">Nuestra empresa<\/h1>\n<p><span style=\"font-size: 12pt;\">SAGTELECO, empresa de servicios afincada en Don Benito (Badajoz), ofrece a sus clientes: Asesoramiento, venta, instalaci\u00f3n y mantenimiento en el sector de la videovigilancia, telecomunicaciones y\u00a0 electr\u00f3nica de consumo.<\/span><\/p>\n<ul class=\"list-1\">\n<li><span style=\"font-size: 12pt;\"><a href=\"https:\/\/sagteleco.com\/index.php\/sistemas-de-vigilancia\/\">Sistemas de videovigilancia<\/a>. Con un amplio cat\u00e1logo de productos y tecnolog\u00edas ofrecemos a nuestros clientes prepuestos a medida de sus necesidades.<\/span><\/li>\n<li><span style=\"font-size: 12pt;\"><a href=\"https:\/\/sagteleco.com\/index.php\/instalacion-de-telecomunicaciones\/\">Empresa Instaladora de Telecomunicaciones n\u00ba de registro 11911<\/a>. Realizamos instalaciones y mantenimiento en el \u00e1mbito de recepci\u00f3n de TV, tanto en comunidades como a particulares.<\/span><\/li>\n<li><span style=\"font-size: 12pt;\"><a href=\"https:\/\/sagteleco.com\/index.php\/taller-de-electronica\/\">Taller de reparaci\u00f3n de equipos electr\u00f3nicos de consumo<\/a>. Televisores, DVD, placas electr\u00f3nicas, etapas de potencia de sonido&#8230;<\/span><\/li>\n<li><span style=\"font-size: 12pt;\"><a href=\"https:\/\/sagteleco.com\/index.php\/una-seccion-de-la-pagina-de-inicio\/\">Control de Presencia.<\/a>\u00a0Empresa certificada INSTALADOR ANVIZ.<\/span><\/li>\n<li><span style=\"font-size: 12pt;\">SAT oficial POLTI.<\/span><\/li>\n<\/ul>\n<p>&nbsp;<\/p>\n<\/div>\n<\/div>\n<div class=\"col-xs-12 col-sm-4\">\n<div class=\"cms-box\">\n<h3 class=\"page-subheading\"><span style=\"font-size: 12pt;\">Nuestro equipo<\/span><\/h3>\n<p><span style=\"font-size: 12pt;\"><img data-recalc-dims=\"1\" loading=\"lazy\" decoding=\"async\" data-attachment-id=\"538\" data-permalink=\"https:\/\/sagteleco.com\/index.php\/acerca-de\/whatsapp-image-2017-12-13-at-13-20-16\/#main\" data-orig-file=\"https:\/\/i0.wp.com\/sagteleco.com\/wp-content\/uploads\/2017\/12\/WhatsApp-Image-2017-12-13-at-13.20.16.jpeg?fit=1600%2C843&amp;ssl=1\" data-orig-size=\"1600,843\" data-comments-opened=\"1\" data-image-meta=\"{&quot;aperture&quot;:&quot;0&quot;,&quot;credit&quot;:&quot;&quot;,&quot;camera&quot;:&quot;&quot;,&quot;caption&quot;:&quot;&quot;,&quot;created_timestamp&quot;:&quot;0&quot;,&quot;copyright&quot;:&quot;&quot;,&quot;focal_length&quot;:&quot;0&quot;,&quot;iso&quot;:&quot;0&quot;,&quot;shutter_speed&quot;:&quot;0&quot;,&quot;title&quot;:&quot;&quot;,&quot;orientation&quot;:&quot;0&quot;}\" data-image-title=\"WhatsApp Image 2017-12-13 at 13.20.16\" data-image-description=\"\" data-image-caption=\"\" data-large-file=\"https:\/\/i0.wp.com\/sagteleco.com\/wp-content\/uploads\/2017\/12\/WhatsApp-Image-2017-12-13-at-13.20.16.jpeg?fit=1024%2C540&amp;ssl=1\" class=\"alignnone size-large wp-image-538\" src=\"https:\/\/i0.wp.com\/sagteleco.com\/wp-content\/uploads\/2017\/12\/WhatsApp-Image-2017-12-13-at-13.20.16.jpeg?resize=1024%2C540&#038;ssl=1\" alt=\"\" width=\"1024\" height=\"540\" srcset=\"https:\/\/i0.wp.com\/sagteleco.com\/wp-content\/uploads\/2017\/12\/WhatsApp-Image-2017-12-13-at-13.20.16.jpeg?resize=1024%2C540&amp;ssl=1 1024w, https:\/\/i0.wp.com\/sagteleco.com\/wp-content\/uploads\/2017\/12\/WhatsApp-Image-2017-12-13-at-13.20.16.jpeg?resize=300%2C158&amp;ssl=1 300w, https:\/\/i0.wp.com\/sagteleco.com\/wp-content\/uploads\/2017\/12\/WhatsApp-Image-2017-12-13-at-13.20.16.jpeg?resize=768%2C405&amp;ssl=1 768w, https:\/\/i0.wp.com\/sagteleco.com\/wp-content\/uploads\/2017\/12\/WhatsApp-Image-2017-12-13-at-13.20.16.jpeg?w=1600&amp;ssl=1 1600w\" sizes=\"auto, (max-width: 1024px) 100vw, 1024px\" \/><\/span><\/p>\n<p>&nbsp;<\/p>\n<p><span style=\"font-size: 12pt;\">Disponemos de personal cualificado y en constante\u00a0<img data-recalc-dims=\"1\" loading=\"lazy\" decoding=\"async\" src=\"https:\/\/i0.wp.com\/d5366913-78415.srv-hostalia.com\/sagteleco.com\/img\/cms\/sag35.jpg?resize=298%2C198\" alt=\"\" width=\"298\" height=\"198\" \/>desarrollo. Contacte con nosotros pare recibir un asesoramiento y trabajo profesional en la gesti\u00f3n de sus necesidades.<\/span><br \/>\n<b><\/b><\/p>\n<\/div>\n<\/div>\n<div class=\"col-xs-12 col-sm-4\">\n<div class=\"cms-box\">\n<p><span style=\"font-size: 12pt;\"><b style=\"font-size: 12pt;\">Mas de 30 a\u00f1os trabajando en los sectores de <\/b><b>electr\u00f3nica<\/b><b style=\"font-size: 12pt;\">\u00a0y telecomunicaciones<\/b><\/span><\/p>\n<\/div>\n<\/div>\n","protected":false},"excerpt":{"rendered":"<p>SAGTELECO, empresa de servicios afincada en Don Benito (Badajoz), ofrece a sus clientes; Asesoramiento, venta, instalaci\u00f3n y mantenimiento en el sector de la videovigilancia, telecomunicaciones y\u00a0 electr\u00f3nica de consumo.<\/p>\n","protected":false},"author":1,"featured_media":60,"parent":0,"menu_order":0,"comment_status":"closed","ping_status":"closed","template":"","meta":{"jetpack_post_was_ever_published":false,"footnotes":""},"class_list":["post-26","page","type-page","status-publish","has-post-thumbnail","hentry"],"jetpack_sharing_enabled":true,"jetpack_shortlink":"https:\/\/wp.me\/P8WvG7-q","jetpack-related-posts":[{"id":423,"url":"https:\/\/sagteleco.com\/index.php\/sistemas-de-vigilancia\/","url_meta":{"origin":26,"position":0},"title":"SISTEMAS DE VIGILANCIA","author":"sagteleco@gmail.com","date":"12 diciembre, 2017","format":false,"excerpt":"SAGTELECO empresa especializada en sistemas de vigilancia empresarial ofrece a sus clientes un amplio abanico de soluciones para el control de sus locales, trabajadores o negocios. Siempre cumpliendo la legislaci\u00f3n vigente, asesoramos a nuestros clientes en nuevas tecnolog\u00edas y avances en el sector. \u00a0 Nuestros presupuestos son personalizados para cada\u2026","rel":"","context":"Entrada similar","block_context":{"text":"Entrada similar","link":""},"img":{"alt_text":"","src":"https:\/\/i0.wp.com\/sagteleco.com\/wp-content\/uploads\/2017\/12\/seguridad-cctv-3-camaras.jpg?fit=1200%2C335&ssl=1&resize=350%2C200","width":350,"height":200,"srcset":"https:\/\/i0.wp.com\/sagteleco.com\/wp-content\/uploads\/2017\/12\/seguridad-cctv-3-camaras.jpg?fit=1200%2C335&ssl=1&resize=350%2C200 1x, https:\/\/i0.wp.com\/sagteleco.com\/wp-content\/uploads\/2017\/12\/seguridad-cctv-3-camaras.jpg?fit=1200%2C335&ssl=1&resize=525%2C300 1.5x, https:\/\/i0.wp.com\/sagteleco.com\/wp-content\/uploads\/2017\/12\/seguridad-cctv-3-camaras.jpg?fit=1200%2C335&ssl=1&resize=700%2C400 2x, https:\/\/i0.wp.com\/sagteleco.com\/wp-content\/uploads\/2017\/12\/seguridad-cctv-3-camaras.jpg?fit=1200%2C335&ssl=1&resize=1050%2C600 3x"},"classes":[]},{"id":426,"url":"https:\/\/sagteleco.com\/index.php\/instalacion-de-telecomunicaciones\/","url_meta":{"origin":26,"position":1},"title":"TELECOMUNICACIONES","author":"sagteleco@gmail.com","date":"12 diciembre, 2017","format":false,"excerpt":"INSTALACIONES DE TELECOMUNICACIONES Empresa instaladora de telecomunicaciones n\u00ba 11991 Instalaciones Antenas terrestres y sat\u00e9lites. Sonorizacion y megafon\u00eda Mantenimientos de Edificios Dom\u00f3tica-SamartHome VideoPorteros POST RELACIONADOS","rel":"","context":"Entrada similar","block_context":{"text":"Entrada similar","link":""},"img":{"alt_text":"","src":"https:\/\/i0.wp.com\/sagteleco.com\/wp-content\/uploads\/2017\/11\/fotolia_2925334_XS.jpg?fit=620%2C413&ssl=1&resize=350%2C200","width":350,"height":200,"srcset":"https:\/\/i0.wp.com\/sagteleco.com\/wp-content\/uploads\/2017\/11\/fotolia_2925334_XS.jpg?fit=620%2C413&ssl=1&resize=350%2C200 1x, https:\/\/i0.wp.com\/sagteleco.com\/wp-content\/uploads\/2017\/11\/fotolia_2925334_XS.jpg?fit=620%2C413&ssl=1&resize=525%2C300 1.5x"},"classes":[]},{"id":29,"url":"https:\/\/sagteleco.com\/index.php\/una-seccion-de-la-pagina-de-inicio\/","url_meta":{"origin":26,"position":2},"title":"Control de Acceso","author":"sagteleco@gmail.com","date":"5 julio, 2017","format":false,"excerpt":"CONTROL DE ACCESO Y PRESENCIA Control de Presencia o de fichaje laboral. Contar con un sistema de Control de Presencia es una buena herramienta para conseguir una alta productividad y competitividad EMPRESA ACREDITADA COMO INSTALADOR CERTIFICADO ANVIZ POR VISIOTECH GARANT\u00cdA AMPLIADA SOPORTE T\u00c9CNICO DE PRIMER Y SEGUNDO NIVEL INSTALACI\u00d3N DEL\u2026","rel":"","context":"Entrada similar","block_context":{"text":"Entrada similar","link":""},"img":{"alt_text":"","src":"https:\/\/i0.wp.com\/sagteleco.com\/wp-content\/uploads\/2017\/12\/cibersites_control_presencia.jpg?resize=350%2C200&ssl=1","width":350,"height":200,"srcset":"https:\/\/i0.wp.com\/sagteleco.com\/wp-content\/uploads\/2017\/12\/cibersites_control_presencia.jpg?resize=350%2C200&ssl=1 1x, https:\/\/i0.wp.com\/sagteleco.com\/wp-content\/uploads\/2017\/12\/cibersites_control_presencia.jpg?resize=525%2C300&ssl=1 1.5x"},"classes":[]},{"id":409,"url":"https:\/\/sagteleco.com\/index.php\/taller-de-electronica\/","url_meta":{"origin":26,"position":3},"title":"TALLER DE ELECTRONICA","author":"sagteleco@gmail.com","date":"12 diciembre, 2017","format":false,"excerpt":"Reparaci\u00f3n de Equipos electr\u00f3nicos de consumo: Televisi\u00f3n-Monitores Proyectores Sonido Placas Electr\u00f3nicas Etapas de potencia Accesorios electr\u00f3nicos de hogar \u00a0 Servicio t\u00e9cnico OFICIAL POLTI POST RELACIONADOS","rel":"","context":"Entrada similar","block_context":{"text":"Entrada similar","link":""},"img":{"alt_text":"","src":"https:\/\/i0.wp.com\/sagteleco.com\/wp-content\/uploads\/2017\/07\/IMG_20170707_091649.jpg?fit=1200%2C900&ssl=1&resize=350%2C200","width":350,"height":200,"srcset":"https:\/\/i0.wp.com\/sagteleco.com\/wp-content\/uploads\/2017\/07\/IMG_20170707_091649.jpg?fit=1200%2C900&ssl=1&resize=350%2C200 1x, https:\/\/i0.wp.com\/sagteleco.com\/wp-content\/uploads\/2017\/07\/IMG_20170707_091649.jpg?fit=1200%2C900&ssl=1&resize=525%2C300 1.5x, https:\/\/i0.wp.com\/sagteleco.com\/wp-content\/uploads\/2017\/07\/IMG_20170707_091649.jpg?fit=1200%2C900&ssl=1&resize=700%2C400 2x, https:\/\/i0.wp.com\/sagteleco.com\/wp-content\/uploads\/2017\/07\/IMG_20170707_091649.jpg?fit=1200%2C900&ssl=1&resize=1050%2C600 3x"},"classes":[]},{"id":27,"url":"https:\/\/sagteleco.com\/index.php\/contacto\/","url_meta":{"origin":26,"position":4},"title":"Contacto","author":"sagteleco@gmail.com","date":"5 julio, 2017","format":false,"excerpt":"INFORMACI\u00d3N DE LA TIENDA Nos puedes localizar en la siguiente direcci\u00f3n: C\/San Francisco n\u00aa 15 Local1 06400 Don Benito Espa\u00f1a Ll\u00e1menos: 924803440 Fax: 924803440 Env\u00edenos un mensaje de correo electr\u00f3nico: sagteleco@gmail.com","rel":"","context":"Entrada similar","block_context":{"text":"Entrada similar","link":""},"img":{"alt_text":"","src":"https:\/\/i0.wp.com\/sagteleco.com\/wp-content\/uploads\/2017\/07\/IMG_20170707_091649.jpg?fit=1200%2C900&ssl=1&resize=350%2C200","width":350,"height":200,"srcset":"https:\/\/i0.wp.com\/sagteleco.com\/wp-content\/uploads\/2017\/07\/IMG_20170707_091649.jpg?fit=1200%2C900&ssl=1&resize=350%2C200 1x, https:\/\/i0.wp.com\/sagteleco.com\/wp-content\/uploads\/2017\/07\/IMG_20170707_091649.jpg?fit=1200%2C900&ssl=1&resize=525%2C300 1.5x, https:\/\/i0.wp.com\/sagteleco.com\/wp-content\/uploads\/2017\/07\/IMG_20170707_091649.jpg?fit=1200%2C900&ssl=1&resize=700%2C400 2x, https:\/\/i0.wp.com\/sagteleco.com\/wp-content\/uploads\/2017\/07\/IMG_20170707_091649.jpg?fit=1200%2C900&ssl=1&resize=1050%2C600 3x"},"classes":[]}],"_links":{"self":[{"href":"https:\/\/sagteleco.com\/index.php\/wp-json\/wp\/v2\/pages\/26","targetHints":{"allow":["GET"]}}],"collection":[{"href":"https:\/\/sagteleco.com\/index.php\/wp-json\/wp\/v2\/pages"}],"about":[{"href":"https:\/\/sagteleco.com\/index.php\/wp-json\/wp\/v2\/types\/page"}],"author":[{"embeddable":true,"href":"https:\/\/sagteleco.com\/index.php\/wp-json\/wp\/v2\/users\/1"}],"replies":[{"embeddable":true,"href":"https:\/\/sagteleco.com\/index.php\/wp-json\/wp\/v2\/comments?post=26"}],"version-history":[{"count":11,"href":"https:\/\/sagteleco.com\/index.php\/wp-json\/wp\/v2\/pages\/26\/revisions"}],"predecessor-version":[{"id":555,"href":"https:\/\/sagteleco.com\/index.php\/wp-json\/wp\/v2\/pages\/26\/revisions\/555"}],"wp:featuredmedia":[{"embeddable":true,"href":"https:\/\/sagteleco.com\/index.php\/wp-json\/wp\/v2\/media\/60"}],"wp:attachment":[{"href":"https:\/\/sagteleco.com\/index.php\/wp-json\/wp\/v2\/media?parent=26"}],"curies":[{"name":"wp","href":"https:\/\/api.w.org\/{rel}","templated":true}]}}