{"id":27,"date":"2017-07-05T16:55:01","date_gmt":"2017-07-05T16:55:01","guid":{"rendered":"https:\/\/sagteleco.com\/blog\/?page_id=27"},"modified":"2017-12-27T11:43:20","modified_gmt":"2017-12-27T10:43:20","slug":"contacto","status":"publish","type":"page","link":"https:\/\/sagteleco.com\/index.php\/contacto\/","title":{"rendered":"Contacto"},"content":{"rendered":"<blockquote>\n<h4>INFORMACI\u00d3N DE LA TIENDA<\/h4>\n<\/blockquote>\n<div class=\"block\">\n<div class=\"icon\"><\/div>\n<div class=\"data\">Nos puedes localizar en la siguiente direcci\u00f3n:<br \/>\nC\/San Francisco n\u00aa 15 Local1<br \/>\n06400 Don Benito<br \/>\nEspa\u00f1a<\/div>\n<\/div>\n<hr \/>\n<div class=\"block\">\n<div class=\"icon\"><\/div>\n<div class=\"data\">Ll\u00e1menos:<br \/>\n<a href=\"tel:924803440\">924803440<\/a><\/div>\n<\/div>\n<hr \/>\n<div class=\"block\">\n<div class=\"icon\"><\/div>\n<div class=\"data\">Fax:<br \/>\n924803440<\/div>\n<\/div>\n<hr \/>\n<div class=\"block\">\n<div class=\"icon\"><\/div>\n<div class=\"data email\">Env\u00edenos un mensaje de correo electr\u00f3nico:<\/div>\n<p><a href=\"mailto:sagteleco@gmail.com\">sagteleco@gmail.com<\/a><\/p>\n<\/div>\n","protected":false},"excerpt":{"rendered":"<p>INFORMACI\u00d3N DE LA TIENDA Nos puedes localizar en la siguiente direcci\u00f3n: C\/San Francisco n\u00aa 15 Local1 06400 Don Benito Espa\u00f1a Ll\u00e1menos: 924803440 Fax: 924803440 Env\u00edenos un mensaje de correo electr\u00f3nico: sagteleco@gmail.com<\/p>\n","protected":false},"author":1,"featured_media":102,"parent":0,"menu_order":0,"comment_status":"closed","ping_status":"closed","template":"","meta":{"jetpack_post_was_ever_published":false,"footnotes":""},"class_list":["post-27","page","type-page","status-publish","has-post-thumbnail","hentry"],"jetpack_sharing_enabled":true,"jetpack_shortlink":"https:\/\/wp.me\/P8WvG7-r","jetpack-related-posts":[],"_links":{"self":[{"href":"https:\/\/sagteleco.com\/index.php\/wp-json\/wp\/v2\/pages\/27","targetHints":{"allow":["GET"]}}],"collection":[{"href":"https:\/\/sagteleco.com\/index.php\/wp-json\/wp\/v2\/pages"}],"about":[{"href":"https:\/\/sagteleco.com\/index.php\/wp-json\/wp\/v2\/types\/page"}],"author":[{"embeddable":true,"href":"https:\/\/sagteleco.com\/index.php\/wp-json\/wp\/v2\/users\/1"}],"replies":[{"embeddable":true,"href":"https:\/\/sagteleco.com\/index.php\/wp-json\/wp\/v2\/comments?post=27"}],"version-history":[{"count":5,"href":"https:\/\/sagteleco.com\/index.php\/wp-json\/wp\/v2\/pages\/27\/revisions"}],"predecessor-version":[{"id":560,"href":"https:\/\/sagteleco.com\/index.php\/wp-json\/wp\/v2\/pages\/27\/revisions\/560"}],"wp:featuredmedia":[{"embeddable":true,"href":"https:\/\/sagteleco.com\/index.php\/wp-json\/wp\/v2\/media\/102"}],"wp:attachment":[{"href":"https:\/\/sagteleco.com\/index.php\/wp-json\/wp\/v2\/media?parent=27"}],"curies":[{"name":"wp","href":"https:\/\/api.w.org\/{rel}","templated":true}]}}