{"id":29,"date":"2017-07-05T16:55:01","date_gmt":"2017-07-05T16:55:01","guid":{"rendered":"https:\/\/sagteleco.com\/blog\/?page_id=29"},"modified":"2017-12-19T15:12:37","modified_gmt":"2017-12-19T14:12:37","slug":"una-seccion-de-la-pagina-de-inicio","status":"publish","type":"page","link":"https:\/\/sagteleco.com\/index.php\/una-seccion-de-la-pagina-de-inicio\/","title":{"rendered":"Control de Acceso"},"content":{"rendered":"<h1 class=\"h1\">CONTROL DE ACCESO Y PRESENCIA<\/h1>\n<div id=\"category-description\" class=\"text-muted\">\n<p><img data-recalc-dims=\"1\" loading=\"lazy\" decoding=\"async\" src=\"https:\/\/i0.wp.com\/tallersag.dyndns.org\/img\/cms\/Anviz1.jpg?resize=499%2C120\" alt=\"\" width=\"499\" height=\"120\" \/><\/p>\n<p>Control de Presencia o de fichaje laboral. Contar con un sistema de Control de Presencia es una buena herramienta para conseguir una alta productividad y competitividad<\/p>\n<ul>\n<li>EMPRESA ACREDITADA COMO INSTALADOR CERTIFICADO ANVIZ POR VISIOTECH<\/li>\n<li>GARANT\u00cdA AMPLIADA<\/li>\n<li>SOPORTE T\u00c9CNICO DE PRIMER Y SEGUNDO NIVEL<\/li>\n<li>INSTALACI\u00d3N DEL SOFTWARE GRATUITO CROSSCHEX<\/li>\n<\/ul>\n<p><img data-recalc-dims=\"1\" loading=\"lazy\" decoding=\"async\" data-attachment-id=\"532\" data-permalink=\"https:\/\/sagteleco.com\/index.php\/una-seccion-de-la-pagina-de-inicio\/cibersites_control_presencia\/#main\" data-orig-file=\"https:\/\/i0.wp.com\/sagteleco.com\/wp-content\/uploads\/2017\/12\/cibersites_control_presencia.jpg?fit=562%2C259&amp;ssl=1\" data-orig-size=\"562,259\" data-comments-opened=\"1\" data-image-meta=\"{&quot;aperture&quot;:&quot;0&quot;,&quot;credit&quot;:&quot;&quot;,&quot;camera&quot;:&quot;&quot;,&quot;caption&quot;:&quot;&quot;,&quot;created_timestamp&quot;:&quot;0&quot;,&quot;copyright&quot;:&quot;&quot;,&quot;focal_length&quot;:&quot;0&quot;,&quot;iso&quot;:&quot;0&quot;,&quot;shutter_speed&quot;:&quot;0&quot;,&quot;title&quot;:&quot;&quot;,&quot;orientation&quot;:&quot;0&quot;}\" data-image-title=\"cibersites_control_presencia\" data-image-description=\"\" data-image-caption=\"\" data-large-file=\"https:\/\/i0.wp.com\/sagteleco.com\/wp-content\/uploads\/2017\/12\/cibersites_control_presencia.jpg?fit=562%2C259&amp;ssl=1\" class=\"alignnone size-full wp-image-532 aligncenter\" src=\"https:\/\/i0.wp.com\/sagteleco.com\/wp-content\/uploads\/2017\/12\/cibersites_control_presencia.jpg?resize=562%2C259&#038;ssl=1\" alt=\"\" width=\"562\" height=\"259\" srcset=\"https:\/\/i0.wp.com\/sagteleco.com\/wp-content\/uploads\/2017\/12\/cibersites_control_presencia.jpg?w=562&amp;ssl=1 562w, https:\/\/i0.wp.com\/sagteleco.com\/wp-content\/uploads\/2017\/12\/cibersites_control_presencia.jpg?resize=300%2C138&amp;ssl=1 300w\" sizes=\"auto, (max-width: 562px) 100vw, 562px\" \/><\/p>\n<\/div>\n","protected":false},"excerpt":{"rendered":"<p>CONTROL DE ACCESO Y PRESENCIA Control de Presencia o de fichaje laboral. Contar con un sistema de Control de Presencia es una buena herramienta para conseguir una alta productividad y competitividad EMPRESA ACREDITADA COMO INSTALADOR CERTIFICADO ANVIZ POR VISIOTECH GARANT\u00cdA AMPLIADA SOPORTE T\u00c9CNICO DE PRIMER Y SEGUNDO NIVEL INSTALACI\u00d3N DEL SOFTWARE GRATUITO CROSSCHEX<\/p>\n","protected":false},"author":1,"featured_media":0,"parent":0,"menu_order":0,"comment_status":"closed","ping_status":"closed","template":"","meta":{"footnotes":""},"class_list":["post-29","page","type-page","status-publish","hentry"],"jetpack_sharing_enabled":true,"jetpack_shortlink":"https:\/\/wp.me\/P8WvG7-t","jetpack-related-posts":[{"id":423,"url":"https:\/\/sagteleco.com\/index.php\/sistemas-de-vigilancia\/","url_meta":{"origin":29,"position":0},"title":"SISTEMAS DE VIGILANCIA","author":"sagteleco@gmail.com","date":"12 diciembre, 2017","format":false,"excerpt":"SAGTELECO empresa especializada en sistemas de vigilancia empresarial ofrece a sus clientes un amplio abanico de soluciones para el control de sus locales, trabajadores o negocios. Siempre cumpliendo la legislaci\u00f3n vigente, asesoramos a nuestros clientes en nuevas tecnolog\u00edas y avances en el sector. \u00a0 Nuestros presupuestos son personalizados para cada\u2026","rel":"","context":"Entrada similar","block_context":{"text":"Entrada similar","link":""},"img":{"alt_text":"","src":"https:\/\/i0.wp.com\/sagteleco.com\/wp-content\/uploads\/2017\/12\/seguridad-cctv-3-camaras.jpg?fit=1200%2C335&ssl=1&resize=350%2C200","width":350,"height":200,"srcset":"https:\/\/i0.wp.com\/sagteleco.com\/wp-content\/uploads\/2017\/12\/seguridad-cctv-3-camaras.jpg?fit=1200%2C335&ssl=1&resize=350%2C200 1x, https:\/\/i0.wp.com\/sagteleco.com\/wp-content\/uploads\/2017\/12\/seguridad-cctv-3-camaras.jpg?fit=1200%2C335&ssl=1&resize=525%2C300 1.5x, https:\/\/i0.wp.com\/sagteleco.com\/wp-content\/uploads\/2017\/12\/seguridad-cctv-3-camaras.jpg?fit=1200%2C335&ssl=1&resize=700%2C400 2x, https:\/\/i0.wp.com\/sagteleco.com\/wp-content\/uploads\/2017\/12\/seguridad-cctv-3-camaras.jpg?fit=1200%2C335&ssl=1&resize=1050%2C600 3x"},"classes":[]},{"id":26,"url":"https:\/\/sagteleco.com\/index.php\/acerca-de\/","url_meta":{"origin":29,"position":1},"title":"Servicios","author":"sagteleco@gmail.com","date":"5 julio, 2017","format":false,"excerpt":"SAGTELECO, empresa de servicios afincada en Don Benito (Badajoz), ofrece a sus clientes; Asesoramiento, venta, instalaci\u00f3n y mantenimiento en el sector de la videovigilancia, telecomunicaciones y\u00a0 electr\u00f3nica de consumo.","rel":"","context":"Entrada similar","block_context":{"text":"Entrada similar","link":""},"img":{"alt_text":"","src":"https:\/\/i0.wp.com\/sagteleco.com\/wp-content\/uploads\/2017\/07\/WhatsApp-Image-2017-06-30-at-19.43.04.jpeg?fit=1200%2C632&ssl=1&resize=350%2C200","width":350,"height":200,"srcset":"https:\/\/i0.wp.com\/sagteleco.com\/wp-content\/uploads\/2017\/07\/WhatsApp-Image-2017-06-30-at-19.43.04.jpeg?fit=1200%2C632&ssl=1&resize=350%2C200 1x, https:\/\/i0.wp.com\/sagteleco.com\/wp-content\/uploads\/2017\/07\/WhatsApp-Image-2017-06-30-at-19.43.04.jpeg?fit=1200%2C632&ssl=1&resize=525%2C300 1.5x, https:\/\/i0.wp.com\/sagteleco.com\/wp-content\/uploads\/2017\/07\/WhatsApp-Image-2017-06-30-at-19.43.04.jpeg?fit=1200%2C632&ssl=1&resize=700%2C400 2x, https:\/\/i0.wp.com\/sagteleco.com\/wp-content\/uploads\/2017\/07\/WhatsApp-Image-2017-06-30-at-19.43.04.jpeg?fit=1200%2C632&ssl=1&resize=1050%2C600 3x"},"classes":[]},{"id":426,"url":"https:\/\/sagteleco.com\/index.php\/instalacion-de-telecomunicaciones\/","url_meta":{"origin":29,"position":2},"title":"TELECOMUNICACIONES","author":"sagteleco@gmail.com","date":"12 diciembre, 2017","format":false,"excerpt":"INSTALACIONES DE TELECOMUNICACIONES Empresa instaladora de telecomunicaciones n\u00ba 11991 Instalaciones Antenas terrestres y sat\u00e9lites. Sonorizacion y megafon\u00eda Mantenimientos de Edificios Dom\u00f3tica-SamartHome VideoPorteros POST RELACIONADOS","rel":"","context":"Entrada similar","block_context":{"text":"Entrada similar","link":""},"img":{"alt_text":"","src":"https:\/\/i0.wp.com\/sagteleco.com\/wp-content\/uploads\/2017\/11\/fotolia_2925334_XS.jpg?fit=620%2C413&ssl=1&resize=350%2C200","width":350,"height":200,"srcset":"https:\/\/i0.wp.com\/sagteleco.com\/wp-content\/uploads\/2017\/11\/fotolia_2925334_XS.jpg?fit=620%2C413&ssl=1&resize=350%2C200 1x, https:\/\/i0.wp.com\/sagteleco.com\/wp-content\/uploads\/2017\/11\/fotolia_2925334_XS.jpg?fit=620%2C413&ssl=1&resize=525%2C300 1.5x"},"classes":[]},{"id":27,"url":"https:\/\/sagteleco.com\/index.php\/contacto\/","url_meta":{"origin":29,"position":3},"title":"Contacto","author":"sagteleco@gmail.com","date":"5 julio, 2017","format":false,"excerpt":"\u00bfHablamos sin compromiso? En Sagteleco transformamos tu tranquilidad en nuestra prioridad. Somos especialistas en sistemas de videovigilancia, telecomunicaciones y conectividad en Don Benito. Si buscas mejorar la protecci\u00f3n de tu hogar, optimizar tu comunidad de vecinos o profesionalizar tu negocio en Extremadura, estamos aqu\u00ed para ayudarte. Escr\u00edbenos o ll\u00e1manos: nos\u2026","rel":"","context":"Entrada similar","block_context":{"text":"Entrada similar","link":""},"img":{"alt_text":"","src":"https:\/\/i0.wp.com\/sagteleco.com\/wp-content\/uploads\/2017\/07\/IMG_20170707_091649.jpg?fit=1200%2C900&ssl=1&resize=350%2C200","width":350,"height":200,"srcset":"https:\/\/i0.wp.com\/sagteleco.com\/wp-content\/uploads\/2017\/07\/IMG_20170707_091649.jpg?fit=1200%2C900&ssl=1&resize=350%2C200 1x, https:\/\/i0.wp.com\/sagteleco.com\/wp-content\/uploads\/2017\/07\/IMG_20170707_091649.jpg?fit=1200%2C900&ssl=1&resize=525%2C300 1.5x, https:\/\/i0.wp.com\/sagteleco.com\/wp-content\/uploads\/2017\/07\/IMG_20170707_091649.jpg?fit=1200%2C900&ssl=1&resize=700%2C400 2x, https:\/\/i0.wp.com\/sagteleco.com\/wp-content\/uploads\/2017\/07\/IMG_20170707_091649.jpg?fit=1200%2C900&ssl=1&resize=1050%2C600 3x"},"classes":[]}],"_links":{"self":[{"href":"https:\/\/sagteleco.com\/index.php\/wp-json\/wp\/v2\/pages\/29","targetHints":{"allow":["GET"]}}],"collection":[{"href":"https:\/\/sagteleco.com\/index.php\/wp-json\/wp\/v2\/pages"}],"about":[{"href":"https:\/\/sagteleco.com\/index.php\/wp-json\/wp\/v2\/types\/page"}],"author":[{"embeddable":true,"href":"https:\/\/sagteleco.com\/index.php\/wp-json\/wp\/v2\/users\/1"}],"replies":[{"embeddable":true,"href":"https:\/\/sagteleco.com\/index.php\/wp-json\/wp\/v2\/comments?post=29"}],"version-history":[{"count":4,"href":"https:\/\/sagteleco.com\/index.php\/wp-json\/wp\/v2\/pages\/29\/revisions"}],"predecessor-version":[{"id":533,"href":"https:\/\/sagteleco.com\/index.php\/wp-json\/wp\/v2\/pages\/29\/revisions\/533"}],"wp:attachment":[{"href":"https:\/\/sagteleco.com\/index.php\/wp-json\/wp\/v2\/media?parent=29"}],"curies":[{"name":"wp","href":"https:\/\/api.w.org\/{rel}","templated":true}]}}