{"id":423,"date":"2017-12-12T14:53:37","date_gmt":"2017-12-12T14:53:37","guid":{"rendered":"https:\/\/sagteleco.com\/?page_id=423"},"modified":"2017-12-26T17:43:22","modified_gmt":"2017-12-26T16:43:22","slug":"sistemas-de-vigilancia","status":"publish","type":"page","link":"https:\/\/sagteleco.com\/index.php\/sistemas-de-vigilancia\/","title":{"rendered":"SISTEMAS DE VIGILANCIA"},"content":{"rendered":"<p><span style=\"font-size: 14pt;\"><strong>SAGTELECO<\/strong> empresa especializada en sistemas de vigilancia empresarial ofrece a sus clientes un amplio abanico de soluciones para el control de sus locales, trabajadores o negocios. Siempre cumpliendo la legislaci\u00f3n vigente, asesoramos a nuestros clientes en nuevas tecnolog\u00edas y avances en el sector.<\/span><\/p>\n<p>&nbsp;<\/p>\n<h2><span style=\"font-size: 14pt;\">Nuestros presupuestos son personalizados para cada cliente.<\/span><\/h2>\n<blockquote><p>&nbsp;<\/p><\/blockquote>\n<ul>\n<li><span style=\"font-size: 14pt;\">Sistemas de videovigilancia en todas las tecnolog\u00edas.\u00a0 Realizamos instalaciones optimizando los recursos y utilizando las tecnolog\u00edas m\u00e1s apropiadas que ofrece el mercado para cada situaci\u00f3n.<\/span><\/li>\n<li><span style=\"font-size: 14pt;\">Control de Presencia (Horarios de entrada, salida, descansos, horas extras). En el \u00e1mbito laboral cada vez es m\u00e1s necesario el control de las horas trabajadas. SOMOS empresa certificada como instaladora ANVIZ<\/span><\/li>\n<li><span style=\"font-size: 14pt;\">Control de acceso (Apertura de puertas por huellas, tarjetas y\/o c\u00f3digo). Realizar un control en las entradas y salidas de las personas de nuestras instalaciones o departamentos nos ayudar\u00e1 a minimizar los problemas causados por el libre tr\u00e1nsito de personas.<\/span><\/li>\n<li><span style=\"font-size: 14pt;\">Alarmas sin CRA. Instale alarmas sin cuotas.<\/span><\/li>\n<li><span style=\"font-size: 14pt;\">Visualizaci\u00f3n y grabaci\u00f3n TPV en remoto. Controle las ventas de los terminales de venta directamente en su sistema de video vigilancia.<\/span><\/li>\n<\/ul>\n<p>&nbsp;<\/p>\n<p><img data-recalc-dims=\"1\" loading=\"lazy\" decoding=\"async\" data-attachment-id=\"424\" data-permalink=\"https:\/\/sagteleco.com\/index.php\/sistemas-de-vigilancia\/seguridad-cctv-3-camaras-2\/#main\" data-orig-file=\"https:\/\/i0.wp.com\/sagteleco.com\/wp-content\/uploads\/2017\/12\/seguridad-cctv-3-camaras.jpg?fit=1200%2C335&amp;ssl=1\" data-orig-size=\"1200,335\" data-comments-opened=\"1\" data-image-meta=\"{&quot;aperture&quot;:&quot;0&quot;,&quot;credit&quot;:&quot;&quot;,&quot;camera&quot;:&quot;&quot;,&quot;caption&quot;:&quot;&quot;,&quot;created_timestamp&quot;:&quot;0&quot;,&quot;copyright&quot;:&quot;&quot;,&quot;focal_length&quot;:&quot;0&quot;,&quot;iso&quot;:&quot;0&quot;,&quot;shutter_speed&quot;:&quot;0&quot;,&quot;title&quot;:&quot;&quot;,&quot;orientation&quot;:&quot;0&quot;}\" data-image-title=\"seguridad-cctv 3 camaras\" data-image-description=\"\" data-image-caption=\"\" data-large-file=\"https:\/\/i0.wp.com\/sagteleco.com\/wp-content\/uploads\/2017\/12\/seguridad-cctv-3-camaras.jpg?fit=1024%2C286&amp;ssl=1\" class=\"alignnone size-large wp-image-424\" src=\"https:\/\/i0.wp.com\/sagteleco.com\/wp-content\/uploads\/2017\/12\/seguridad-cctv-3-camaras.jpg?resize=1024%2C286&#038;ssl=1\" alt=\"\" width=\"1024\" height=\"286\" srcset=\"https:\/\/i0.wp.com\/sagteleco.com\/wp-content\/uploads\/2017\/12\/seguridad-cctv-3-camaras.jpg?resize=1024%2C286&amp;ssl=1 1024w, https:\/\/i0.wp.com\/sagteleco.com\/wp-content\/uploads\/2017\/12\/seguridad-cctv-3-camaras.jpg?resize=300%2C84&amp;ssl=1 300w, https:\/\/i0.wp.com\/sagteleco.com\/wp-content\/uploads\/2017\/12\/seguridad-cctv-3-camaras.jpg?resize=768%2C214&amp;ssl=1 768w, https:\/\/i0.wp.com\/sagteleco.com\/wp-content\/uploads\/2017\/12\/seguridad-cctv-3-camaras.jpg?w=1200&amp;ssl=1 1200w\" sizes=\"auto, (max-width: 1024px) 100vw, 1024px\" \/><\/p>\n<p>&nbsp;<\/p>\n<h2 style=\"text-align: center;\"><span style=\"text-decoration: underline;\">POST RELACIONADOS<\/span><\/h2>\n<pre><code><ul class=\"lcp_catlist\" id=\"lcp_instance_0\"><li><a href=\"https:\/\/sagteleco.com\/index.php\/2025\/05\/06\/videovigilancia-en-comunidades-de-vecinos\/\">CCTV- Videovigilancia en Comunidades de Vecinos<\/a><\/li><li><a href=\"https:\/\/sagteleco.com\/index.php\/2025\/04\/04\/cctv-como-elegir-el-mejor-sistema-de-cctv-para-tu-negocio-o-hogar\/\">CCTV- C\u00f3mo Elegir el Mejor Sistema de CCTV para tu Negocio o Hogar<\/a><\/li><li><a href=\"https:\/\/sagteleco.com\/index.php\/2023\/11\/01\/cctv-analogico-hd-vs-ip-caracteristicas-avanzadas-en-camaras-ip-3\/\">CCTV- ANAL\u00d3GICO HD VS IP. Caracter\u00edsticas Avanzadas en C\u00e1maras IP (3)<\/a><\/li><li><a href=\"https:\/\/sagteleco.com\/index.php\/2023\/10\/28\/cctv-analogico-hd-vs-ip-2\/\">CCTV- ANAL\u00d3GICO HD VS IP. Imagen y resoluciones (2)<\/a><\/li><li><a href=\"https:\/\/sagteleco.com\/index.php\/2023\/10\/27\/cctv-analogico-hd-vs-ip-actualizacon-1\/\">CCTV- ANAL\u00d3GICO HD VS IP.  TECNOLOGIA (1)<\/a><\/li><li><a href=\"https:\/\/sagteleco.com\/index.php\/2020\/04\/13\/cctv-control-acceso-covid-19\/\">CCTV- CONTROL ACCESO COVID-19<\/a><\/li><li><a href=\"https:\/\/sagteleco.com\/index.php\/2018\/07\/21\/control-de-presencia-y-acceso-parte-i\/\">Control de Presencia y Acceso. Parte I<\/a><\/li><li><a href=\"https:\/\/sagteleco.com\/index.php\/2018\/03\/26\/cctv-alarmas-sin-coutas\/\">CCTV- ALARMAS SIN CUOTAS<\/a><\/li><li><a href=\"https:\/\/sagteleco.com\/index.php\/2017\/12\/17\/cctv-camaras-con-analisis-inteligente\/\">CCTV &#8211;  C\u00e1maras con An\u00e1lisis inteligente.<\/a><\/li><li><a href=\"https:\/\/sagteleco.com\/index.php\/2017\/11\/26\/cctv-cable-o-wifi-en-nuestra-instalacion-de-cctv\/\">CCTV- \u00bfCABLE O WIFI EN NUESTRA INSTALACI\u00d3N DE CCTV?<\/a><\/li><\/ul><\/code><\/pre>\n","protected":false},"excerpt":{"rendered":"<p>SAGTELECO empresa especializada en sistemas de vigilancia empresarial ofrece a sus clientes un amplio abanico de soluciones para el control de sus locales, trabajadores o negocios. Siempre cumpliendo la legislaci\u00f3n vigente, asesoramos a nuestros clientes en nuevas tecnolog\u00edas y avances en el sector. &nbsp; Nuestros presupuestos son personalizados para cada cliente. &nbsp; Sistemas de videovigilancia&hellip;<\/p>\n<p class=\"more-link\"><a href=\"https:\/\/sagteleco.com\/index.php\/sistemas-de-vigilancia\/\" class=\"themebutton2\">Leer m\u00e1s<\/a><\/p>\n","protected":false},"author":1,"featured_media":424,"parent":0,"menu_order":0,"comment_status":"closed","ping_status":"closed","template":"","meta":{"jetpack_post_was_ever_published":false,"footnotes":""},"class_list":["post-423","page","type-page","status-publish","has-post-thumbnail","hentry"],"jetpack_sharing_enabled":true,"jetpack_shortlink":"https:\/\/wp.me\/P8WvG7-6P","jetpack-related-posts":[{"id":26,"url":"https:\/\/sagteleco.com\/index.php\/acerca-de\/","url_meta":{"origin":423,"position":0},"title":"Servicios","author":"sagteleco@gmail.com","date":"5 julio, 2017","format":false,"excerpt":"SAGTELECO, empresa de servicios afincada en Don Benito (Badajoz), ofrece a sus clientes; Asesoramiento, venta, instalaci\u00f3n y mantenimiento en el sector de la videovigilancia, telecomunicaciones y\u00a0 electr\u00f3nica de consumo.","rel":"","context":"Entrada similar","block_context":{"text":"Entrada similar","link":""},"img":{"alt_text":"","src":"https:\/\/i0.wp.com\/sagteleco.com\/wp-content\/uploads\/2017\/07\/WhatsApp-Image-2017-06-30-at-19.43.04.jpeg?fit=1200%2C632&ssl=1&resize=350%2C200","width":350,"height":200,"srcset":"https:\/\/i0.wp.com\/sagteleco.com\/wp-content\/uploads\/2017\/07\/WhatsApp-Image-2017-06-30-at-19.43.04.jpeg?fit=1200%2C632&ssl=1&resize=350%2C200 1x, https:\/\/i0.wp.com\/sagteleco.com\/wp-content\/uploads\/2017\/07\/WhatsApp-Image-2017-06-30-at-19.43.04.jpeg?fit=1200%2C632&ssl=1&resize=525%2C300 1.5x, https:\/\/i0.wp.com\/sagteleco.com\/wp-content\/uploads\/2017\/07\/WhatsApp-Image-2017-06-30-at-19.43.04.jpeg?fit=1200%2C632&ssl=1&resize=700%2C400 2x, https:\/\/i0.wp.com\/sagteleco.com\/wp-content\/uploads\/2017\/07\/WhatsApp-Image-2017-06-30-at-19.43.04.jpeg?fit=1200%2C632&ssl=1&resize=1050%2C600 3x"},"classes":[]},{"id":426,"url":"https:\/\/sagteleco.com\/index.php\/instalacion-de-telecomunicaciones\/","url_meta":{"origin":423,"position":1},"title":"TELECOMUNICACIONES","author":"sagteleco@gmail.com","date":"12 diciembre, 2017","format":false,"excerpt":"INSTALACIONES DE TELECOMUNICACIONES Empresa instaladora de telecomunicaciones n\u00ba 11991 Instalaciones Antenas terrestres y sat\u00e9lites. Sonorizacion y megafon\u00eda Mantenimientos de Edificios Dom\u00f3tica-SamartHome VideoPorteros POST RELACIONADOS","rel":"","context":"Entrada similar","block_context":{"text":"Entrada similar","link":""},"img":{"alt_text":"","src":"https:\/\/i0.wp.com\/sagteleco.com\/wp-content\/uploads\/2017\/11\/fotolia_2925334_XS.jpg?fit=620%2C413&ssl=1&resize=350%2C200","width":350,"height":200,"srcset":"https:\/\/i0.wp.com\/sagteleco.com\/wp-content\/uploads\/2017\/11\/fotolia_2925334_XS.jpg?fit=620%2C413&ssl=1&resize=350%2C200 1x, https:\/\/i0.wp.com\/sagteleco.com\/wp-content\/uploads\/2017\/11\/fotolia_2925334_XS.jpg?fit=620%2C413&ssl=1&resize=525%2C300 1.5x"},"classes":[]},{"id":29,"url":"https:\/\/sagteleco.com\/index.php\/una-seccion-de-la-pagina-de-inicio\/","url_meta":{"origin":423,"position":2},"title":"Control de Acceso","author":"sagteleco@gmail.com","date":"5 julio, 2017","format":false,"excerpt":"CONTROL DE ACCESO Y PRESENCIA Control de Presencia o de fichaje laboral. Contar con un sistema de Control de Presencia es una buena herramienta para conseguir una alta productividad y competitividad EMPRESA ACREDITADA COMO INSTALADOR CERTIFICADO ANVIZ POR VISIOTECH GARANT\u00cdA AMPLIADA SOPORTE T\u00c9CNICO DE PRIMER Y SEGUNDO NIVEL INSTALACI\u00d3N DEL\u2026","rel":"","context":"Entrada similar","block_context":{"text":"Entrada similar","link":""},"img":{"alt_text":"","src":"https:\/\/i0.wp.com\/sagteleco.com\/wp-content\/uploads\/2017\/12\/cibersites_control_presencia.jpg?resize=350%2C200&ssl=1","width":350,"height":200,"srcset":"https:\/\/i0.wp.com\/sagteleco.com\/wp-content\/uploads\/2017\/12\/cibersites_control_presencia.jpg?resize=350%2C200&ssl=1 1x, https:\/\/i0.wp.com\/sagteleco.com\/wp-content\/uploads\/2017\/12\/cibersites_control_presencia.jpg?resize=525%2C300&ssl=1 1.5x"},"classes":[]}],"_links":{"self":[{"href":"https:\/\/sagteleco.com\/index.php\/wp-json\/wp\/v2\/pages\/423","targetHints":{"allow":["GET"]}}],"collection":[{"href":"https:\/\/sagteleco.com\/index.php\/wp-json\/wp\/v2\/pages"}],"about":[{"href":"https:\/\/sagteleco.com\/index.php\/wp-json\/wp\/v2\/types\/page"}],"author":[{"embeddable":true,"href":"https:\/\/sagteleco.com\/index.php\/wp-json\/wp\/v2\/users\/1"}],"replies":[{"embeddable":true,"href":"https:\/\/sagteleco.com\/index.php\/wp-json\/wp\/v2\/comments?post=423"}],"version-history":[{"count":14,"href":"https:\/\/sagteleco.com\/index.php\/wp-json\/wp\/v2\/pages\/423\/revisions"}],"predecessor-version":[{"id":558,"href":"https:\/\/sagteleco.com\/index.php\/wp-json\/wp\/v2\/pages\/423\/revisions\/558"}],"wp:featuredmedia":[{"embeddable":true,"href":"https:\/\/sagteleco.com\/index.php\/wp-json\/wp\/v2\/media\/424"}],"wp:attachment":[{"href":"https:\/\/sagteleco.com\/index.php\/wp-json\/wp\/v2\/media?parent=423"}],"curies":[{"name":"wp","href":"https:\/\/api.w.org\/{rel}","templated":true}]}}