{"id":426,"date":"2017-12-12T14:54:40","date_gmt":"2017-12-12T14:54:40","guid":{"rendered":"https:\/\/sagteleco.com\/?page_id=426"},"modified":"2017-12-16T00:15:59","modified_gmt":"2017-12-15T23:15:59","slug":"instalacion-de-telecomunicaciones","status":"publish","type":"page","link":"https:\/\/sagteleco.com\/index.php\/instalacion-de-telecomunicaciones\/","title":{"rendered":"TELECOMUNICACIONES"},"content":{"rendered":"<h1>INSTALACIONES DE TELECOMUNICACIONES<\/h1>\n<ol>\n<li><span style=\"font-family: arial, helvetica, sans-serif;\">Empresa instaladora de telecomunicaciones n\u00ba 11991<\/span><\/li>\n<li><span style=\"font-family: arial, helvetica, sans-serif;\">Instalaciones Antenas terrestres y sat\u00e9lites.<\/span><\/li>\n<li><span style=\"font-family: arial, helvetica, sans-serif;\">Sonorizacion y megafon\u00eda<\/span><\/li>\n<li><span style=\"font-family: arial, helvetica, sans-serif;\">Mantenimientos de Edificios<\/span><\/li>\n<li><span style=\"font-family: arial, helvetica, sans-serif;\">Dom\u00f3tica-SamartHome<\/span><\/li>\n<li><span style=\"font-family: arial, helvetica, sans-serif;\">VideoPorteros<\/span><\/li>\n<\/ol>\n<h2 style=\"text-align: center;\"><span style=\"text-decoration: underline;\">POST RELACIONADOS<\/span><\/h2>\n<pre><code><ul class=\"lcp_catlist\" id=\"lcp_instance_0\"><li><a href=\"https:\/\/sagteleco.com\/index.php\/2025\/05\/13\/teleco-control-horario-de-trabajadores-obligaciones-legales-y-dudas-resueltas\/\">TELECO- Control Horario de Trabajadores: Obligaciones Legales y Dudas Resueltas<\/a><\/li><li><a href=\"https:\/\/sagteleco.com\/index.php\/2025\/04\/21\/779\/\">TELECO &#8211; Tecnolog\u00edas Actuales en la Transmisi\u00f3n TDT por UHF: Gu\u00eda para Instaladores en Don Benito y Comarca<\/a><\/li><li><a href=\"https:\/\/sagteleco.com\/index.php\/2023\/10\/29\/teleco-el-video-bajo-demanda-vbd-o-vod-una-revolucion-en-el-consumo-de-contenido-audiovisual\/\">TELECO &#8211; El Video Bajo Demanda (VBD o VOD): Una Revoluci\u00f3n en el Consumo de Contenido Audiovisual<\/a><\/li><li><a href=\"https:\/\/sagteleco.com\/index.php\/2020\/02\/15\/teleco-segundo-dividendo-digital-1a-parte\/\">TELECO- SEGUNDO DIVIDENDO DIGITAL 1\u00aa PARTE<\/a><\/li><li><a href=\"https:\/\/sagteleco.com\/index.php\/2017\/12\/24\/teleco-canal-sur-andalucia-y-aragon-tv-cesan-emision-en-hispasat\/\">TELECO- Canal Sur Andaluc\u00eda y Aragon TV cesan emisi\u00f3n en Hispasat.<\/a><\/li><li><a href=\"https:\/\/sagteleco.com\/index.php\/2017\/11\/08\/teleco-movistar-dice-adios-a-hispasat\/\">TELECO- Movistar+ dice adios a Hispasat.<\/a><\/li><li><a href=\"https:\/\/sagteleco.com\/index.php\/2017\/09\/22\/taller-teleco-averias-tras-corte-del-suministro-electrico\/\">TALLER-TELECO Aver\u00edas tras corte del suministro el\u00e9ctrico<\/a><\/li><li><a href=\"https:\/\/sagteleco.com\/index.php\/2017\/07\/25\/teleco-buscador-de-canales-tdt\/\">TELECO &#8211; BUSCADOR DE CANALES TDT<\/a><\/li><li><a href=\"https:\/\/sagteleco.com\/index.php\/2017\/07\/17\/teleco-reclamaciones-4g\/\">TELECO &#8211; Reclamaciones 4g<\/a><\/li><li><a href=\"https:\/\/sagteleco.com\/index.php\/2017\/07\/10\/segundo-dividendo-digital\/\">Segundo Dividendo Digital.<\/a><\/li><\/ul><\/code><\/pre>\n","protected":false},"excerpt":{"rendered":"<p>INSTALACIONES DE TELECOMUNICACIONES Empresa instaladora de telecomunicaciones n\u00ba 11991 Instalaciones Antenas terrestres y sat\u00e9lites. Sonorizacion y megafon\u00eda Mantenimientos de Edificios Dom\u00f3tica-SamartHome VideoPorteros POST RELACIONADOS<\/p>\n","protected":false},"author":1,"featured_media":306,"parent":0,"menu_order":0,"comment_status":"closed","ping_status":"closed","template":"","meta":{"jetpack_post_was_ever_published":false,"footnotes":""},"class_list":["post-426","page","type-page","status-publish","has-post-thumbnail","hentry"],"jetpack_sharing_enabled":true,"jetpack_shortlink":"https:\/\/wp.me\/P8WvG7-6S","jetpack-related-posts":[{"id":26,"url":"https:\/\/sagteleco.com\/index.php\/acerca-de\/","url_meta":{"origin":426,"position":0},"title":"Servicios","author":"sagteleco@gmail.com","date":"5 julio, 2017","format":false,"excerpt":"SAGTELECO, empresa de servicios afincada en Don Benito (Badajoz), ofrece a sus clientes; Asesoramiento, venta, instalaci\u00f3n y mantenimiento en el sector de la videovigilancia, telecomunicaciones y\u00a0 electr\u00f3nica de consumo.","rel":"","context":"Entrada similar","block_context":{"text":"Entrada similar","link":""},"img":{"alt_text":"","src":"https:\/\/i0.wp.com\/sagteleco.com\/wp-content\/uploads\/2017\/07\/WhatsApp-Image-2017-06-30-at-19.43.04.jpeg?fit=1200%2C632&ssl=1&resize=350%2C200","width":350,"height":200,"srcset":"https:\/\/i0.wp.com\/sagteleco.com\/wp-content\/uploads\/2017\/07\/WhatsApp-Image-2017-06-30-at-19.43.04.jpeg?fit=1200%2C632&ssl=1&resize=350%2C200 1x, https:\/\/i0.wp.com\/sagteleco.com\/wp-content\/uploads\/2017\/07\/WhatsApp-Image-2017-06-30-at-19.43.04.jpeg?fit=1200%2C632&ssl=1&resize=525%2C300 1.5x, https:\/\/i0.wp.com\/sagteleco.com\/wp-content\/uploads\/2017\/07\/WhatsApp-Image-2017-06-30-at-19.43.04.jpeg?fit=1200%2C632&ssl=1&resize=700%2C400 2x, https:\/\/i0.wp.com\/sagteleco.com\/wp-content\/uploads\/2017\/07\/WhatsApp-Image-2017-06-30-at-19.43.04.jpeg?fit=1200%2C632&ssl=1&resize=1050%2C600 3x"},"classes":[]},{"id":423,"url":"https:\/\/sagteleco.com\/index.php\/sistemas-de-vigilancia\/","url_meta":{"origin":426,"position":1},"title":"SISTEMAS DE VIGILANCIA","author":"sagteleco@gmail.com","date":"12 diciembre, 2017","format":false,"excerpt":"SAGTELECO empresa especializada en sistemas de vigilancia empresarial ofrece a sus clientes un amplio abanico de soluciones para el control de sus locales, trabajadores o negocios. Siempre cumpliendo la legislaci\u00f3n vigente, asesoramos a nuestros clientes en nuevas tecnolog\u00edas y avances en el sector. \u00a0 Nuestros presupuestos son personalizados para cada\u2026","rel":"","context":"Entrada similar","block_context":{"text":"Entrada similar","link":""},"img":{"alt_text":"","src":"https:\/\/i0.wp.com\/sagteleco.com\/wp-content\/uploads\/2017\/12\/seguridad-cctv-3-camaras.jpg?fit=1200%2C335&ssl=1&resize=350%2C200","width":350,"height":200,"srcset":"https:\/\/i0.wp.com\/sagteleco.com\/wp-content\/uploads\/2017\/12\/seguridad-cctv-3-camaras.jpg?fit=1200%2C335&ssl=1&resize=350%2C200 1x, https:\/\/i0.wp.com\/sagteleco.com\/wp-content\/uploads\/2017\/12\/seguridad-cctv-3-camaras.jpg?fit=1200%2C335&ssl=1&resize=525%2C300 1.5x, https:\/\/i0.wp.com\/sagteleco.com\/wp-content\/uploads\/2017\/12\/seguridad-cctv-3-camaras.jpg?fit=1200%2C335&ssl=1&resize=700%2C400 2x, https:\/\/i0.wp.com\/sagteleco.com\/wp-content\/uploads\/2017\/12\/seguridad-cctv-3-camaras.jpg?fit=1200%2C335&ssl=1&resize=1050%2C600 3x"},"classes":[]},{"id":29,"url":"https:\/\/sagteleco.com\/index.php\/una-seccion-de-la-pagina-de-inicio\/","url_meta":{"origin":426,"position":2},"title":"Control de Acceso","author":"sagteleco@gmail.com","date":"5 julio, 2017","format":false,"excerpt":"CONTROL DE ACCESO Y PRESENCIA Control de Presencia o de fichaje laboral. Contar con un sistema de Control de Presencia es una buena herramienta para conseguir una alta productividad y competitividad EMPRESA ACREDITADA COMO INSTALADOR CERTIFICADO ANVIZ POR VISIOTECH GARANT\u00cdA AMPLIADA SOPORTE T\u00c9CNICO DE PRIMER Y SEGUNDO NIVEL INSTALACI\u00d3N DEL\u2026","rel":"","context":"Entrada similar","block_context":{"text":"Entrada similar","link":""},"img":{"alt_text":"","src":"https:\/\/i0.wp.com\/sagteleco.com\/wp-content\/uploads\/2017\/12\/cibersites_control_presencia.jpg?resize=350%2C200&ssl=1","width":350,"height":200,"srcset":"https:\/\/i0.wp.com\/sagteleco.com\/wp-content\/uploads\/2017\/12\/cibersites_control_presencia.jpg?resize=350%2C200&ssl=1 1x, https:\/\/i0.wp.com\/sagteleco.com\/wp-content\/uploads\/2017\/12\/cibersites_control_presencia.jpg?resize=525%2C300&ssl=1 1.5x"},"classes":[]}],"_links":{"self":[{"href":"https:\/\/sagteleco.com\/index.php\/wp-json\/wp\/v2\/pages\/426","targetHints":{"allow":["GET"]}}],"collection":[{"href":"https:\/\/sagteleco.com\/index.php\/wp-json\/wp\/v2\/pages"}],"about":[{"href":"https:\/\/sagteleco.com\/index.php\/wp-json\/wp\/v2\/types\/page"}],"author":[{"embeddable":true,"href":"https:\/\/sagteleco.com\/index.php\/wp-json\/wp\/v2\/users\/1"}],"replies":[{"embeddable":true,"href":"https:\/\/sagteleco.com\/index.php\/wp-json\/wp\/v2\/comments?post=426"}],"version-history":[{"count":16,"href":"https:\/\/sagteleco.com\/index.php\/wp-json\/wp\/v2\/pages\/426\/revisions"}],"predecessor-version":[{"id":491,"href":"https:\/\/sagteleco.com\/index.php\/wp-json\/wp\/v2\/pages\/426\/revisions\/491"}],"wp:featuredmedia":[{"embeddable":true,"href":"https:\/\/sagteleco.com\/index.php\/wp-json\/wp\/v2\/media\/306"}],"wp:attachment":[{"href":"https:\/\/sagteleco.com\/index.php\/wp-json\/wp\/v2\/media?parent=426"}],"curies":[{"name":"wp","href":"https:\/\/api.w.org\/{rel}","templated":true}]}}